{"id":761,"date":"2022-01-06T17:26:56","date_gmt":"2022-01-06T16:26:56","guid":{"rendered":"https:\/\/kidsfortheoceans.com\/?post_type=product&#038;p=761"},"modified":"2022-07-18T10:07:58","modified_gmt":"2022-07-18T09:07:58","slug":"kids-tee","status":"publish","type":"product","link":"https:\/\/kidsfortheoceans.com\/hu\/gear\/kids-tee\/","title":{"rendered":"Gyerek p\u00f3l\u00f3"},"content":{"rendered":"<p>Ez a p\u00f3l\u00f3 igazi alapdarab, mely organikus pamutb\u00f3l k\u00e9sz\u00fclt.<br \/>\nK\u00e9nyelmes \u00e9s praktikus, a gyerekek kedvence.<\/p>","protected":false},"excerpt":{"rendered":"<p>Kids are true advocates for comfort, so the Organic Cotton Kids T-Shirt&#8217;s regular fit will be just right for them.<\/p>","protected":false},"featured_media":762,"comment_status":"open","ping_status":"closed","template":"","meta":{"give_campaign_id":0},"product_brand":[],"product_cat":[46],"product_tag":[49,47,48],"class_list":{"0":"post-761","1":"product","2":"type-product","3":"status-publish","4":"has-post-thumbnail","6":"product_cat-kids","7":"product_tag-kids","8":"product_tag-organic","9":"product_tag-t-shirt","11":"first","12":"instock","13":"shipping-taxable","14":"purchasable","15":"product-type-simple"},"yoast_head":"<!-- This site is optimized with the Yoast SEO plugin v27.0 - https:\/\/yoast.com\/product\/yoast-seo-wordpress\/ -->\n<title>Kids Tee - Kids for the Oceans<\/title>\n<meta name=\"robots\" content=\"index, follow, max-snippet:-1, max-image-preview:large, max-video-preview:-1\" \/>\n<link rel=\"canonical\" href=\"https:\/\/kidsfortheoceans.com\/hu\/gear\/kids-tee\/\" \/>\n<meta property=\"og:locale\" content=\"hu_HU\" \/>\n<meta property=\"og:type\" content=\"article\" \/>\n<meta property=\"og:title\" content=\"Kids Tee - Kids for the Oceans\" \/>\n<meta property=\"og:description\" content=\"Kids are true advocates for comfort, so the Organic Cotton Kids T-Shirt&#8217;s regular fit will be just right for them.\" \/>\n<meta property=\"og:url\" content=\"https:\/\/kidsfortheoceans.com\/hu\/gear\/kids-tee\/\" \/>\n<meta property=\"og:site_name\" content=\"Kids for the Oceans\" \/>\n<meta property=\"article:publisher\" content=\"https:\/\/www.facebook.com\/people\/Kids-for-the-Oceans\/100083080369234\" \/>\n<meta property=\"article:modified_time\" content=\"2022-07-18T09:07:58+00:00\" \/>\n<meta property=\"og:image\" content=\"https:\/\/kidsfortheoceans.com\/wp-content\/uploads\/2022\/01\/blackandwhitekidtshirt.png\" \/>\n\t<meta property=\"og:image:width\" content=\"589\" \/>\n\t<meta property=\"og:image:height\" content=\"616\" \/>\n\t<meta property=\"og:image:type\" content=\"image\/png\" \/>\n<meta name=\"twitter:card\" content=\"summary_large_image\" \/>\n<script type=\"application\/ld+json\" class=\"yoast-schema-graph\">{\"@context\":\"https:\/\/schema.org\",\"@graph\":[{\"@type\":\"WebPage\",\"@id\":\"https:\/\/kidsfortheoceans.com\/gear\/kids-tee\/\",\"url\":\"https:\/\/kidsfortheoceans.com\/gear\/kids-tee\/\",\"name\":\"Kids Tee - Kids for the Oceans\",\"isPartOf\":{\"@id\":\"https:\/\/kidsfortheoceans.com\/#website\"},\"primaryImageOfPage\":{\"@id\":\"https:\/\/kidsfortheoceans.com\/gear\/kids-tee\/#primaryimage\"},\"image\":{\"@id\":\"https:\/\/kidsfortheoceans.com\/gear\/kids-tee\/#primaryimage\"},\"thumbnailUrl\":\"https:\/\/kidsfortheoceans.com\/wp-content\/uploads\/2022\/01\/blackandwhitekidtshirt.png\",\"datePublished\":\"2022-01-06T16:26:56+00:00\",\"dateModified\":\"2022-07-18T09:07:58+00:00\",\"breadcrumb\":{\"@id\":\"https:\/\/kidsfortheoceans.com\/gear\/kids-tee\/#breadcrumb\"},\"inLanguage\":\"hu\",\"potentialAction\":[{\"@type\":\"ReadAction\",\"target\":[\"https:\/\/kidsfortheoceans.com\/gear\/kids-tee\/\"]}]},{\"@type\":\"ImageObject\",\"inLanguage\":\"hu\",\"@id\":\"https:\/\/kidsfortheoceans.com\/gear\/kids-tee\/#primaryimage\",\"url\":\"https:\/\/kidsfortheoceans.com\/wp-content\/uploads\/2022\/01\/blackandwhitekidtshirt.png\",\"contentUrl\":\"https:\/\/kidsfortheoceans.com\/wp-content\/uploads\/2022\/01\/blackandwhitekidtshirt.png\",\"width\":589,\"height\":616},{\"@type\":\"BreadcrumbList\",\"@id\":\"https:\/\/kidsfortheoceans.com\/gear\/kids-tee\/#breadcrumb\",\"itemListElement\":[{\"@type\":\"ListItem\",\"position\":1,\"name\":\"Home\",\"item\":\"https:\/\/kidsfortheoceans.com\/\"},{\"@type\":\"ListItem\",\"position\":2,\"name\":\"GEAR\",\"item\":\"https:\/\/kidsfortheoceans.com\/gear\/\"},{\"@type\":\"ListItem\",\"position\":3,\"name\":\"Kids Tee\"}]},{\"@type\":\"WebSite\",\"@id\":\"https:\/\/kidsfortheoceans.com\/#website\",\"url\":\"https:\/\/kidsfortheoceans.com\/\",\"name\":\"Kids for the Oceans\",\"description\":\"Marine life preserving\",\"publisher\":{\"@id\":\"https:\/\/kidsfortheoceans.com\/#organization\"},\"potentialAction\":[{\"@type\":\"SearchAction\",\"target\":{\"@type\":\"EntryPoint\",\"urlTemplate\":\"https:\/\/kidsfortheoceans.com\/?s={search_term_string}\"},\"query-input\":{\"@type\":\"PropertyValueSpecification\",\"valueRequired\":true,\"valueName\":\"search_term_string\"}}],\"inLanguage\":\"hu\"},{\"@type\":\"Organization\",\"@id\":\"https:\/\/kidsfortheoceans.com\/#organization\",\"name\":\"Kids for the Oceans\",\"url\":\"https:\/\/kidsfortheoceans.com\/\",\"logo\":{\"@type\":\"ImageObject\",\"inLanguage\":\"hu\",\"@id\":\"https:\/\/kidsfortheoceans.com\/#\/schema\/logo\/image\/\",\"url\":\"https:\/\/kidsfortheoceans.com\/wp-content\/uploads\/2021\/12\/cropped-k4o_logo_web.png\",\"contentUrl\":\"https:\/\/kidsfortheoceans.com\/wp-content\/uploads\/2021\/12\/cropped-k4o_logo_web.png\",\"width\":2222,\"height\":853,\"caption\":\"Kids for the Oceans\"},\"image\":{\"@id\":\"https:\/\/kidsfortheoceans.com\/#\/schema\/logo\/image\/\"},\"sameAs\":[\"https:\/\/www.facebook.com\/people\/Kids-for-the-Oceans\/100083080369234\"]}]}<\/script>\n<!-- \/ Yoast SEO plugin. -->","yoast_head_json":{"title":"Kids Tee - Kids for the Oceans","robots":{"index":"index","follow":"follow","max-snippet":"max-snippet:-1","max-image-preview":"max-image-preview:large","max-video-preview":"max-video-preview:-1"},"canonical":"https:\/\/kidsfortheoceans.com\/hu\/gear\/kids-tee\/","og_locale":"hu_HU","og_type":"article","og_title":"Kids Tee - Kids for the Oceans","og_description":"Kids are true advocates for comfort, so the Organic Cotton Kids T-Shirt&#8217;s regular fit will be just right for them.","og_url":"https:\/\/kidsfortheoceans.com\/hu\/gear\/kids-tee\/","og_site_name":"Kids for the Oceans","article_publisher":"https:\/\/www.facebook.com\/people\/Kids-for-the-Oceans\/100083080369234","article_modified_time":"2022-07-18T09:07:58+00:00","og_image":[{"width":589,"height":616,"url":"https:\/\/kidsfortheoceans.com\/wp-content\/uploads\/2022\/01\/blackandwhitekidtshirt.png","type":"image\/png"}],"twitter_card":"summary_large_image","schema":{"@context":"https:\/\/schema.org","@graph":[{"@type":"WebPage","@id":"https:\/\/kidsfortheoceans.com\/gear\/kids-tee\/","url":"https:\/\/kidsfortheoceans.com\/gear\/kids-tee\/","name":"Kids Tee - Kids for the Oceans","isPartOf":{"@id":"https:\/\/kidsfortheoceans.com\/#website"},"primaryImageOfPage":{"@id":"https:\/\/kidsfortheoceans.com\/gear\/kids-tee\/#primaryimage"},"image":{"@id":"https:\/\/kidsfortheoceans.com\/gear\/kids-tee\/#primaryimage"},"thumbnailUrl":"https:\/\/kidsfortheoceans.com\/wp-content\/uploads\/2022\/01\/blackandwhitekidtshirt.png","datePublished":"2022-01-06T16:26:56+00:00","dateModified":"2022-07-18T09:07:58+00:00","breadcrumb":{"@id":"https:\/\/kidsfortheoceans.com\/gear\/kids-tee\/#breadcrumb"},"inLanguage":"hu","potentialAction":[{"@type":"ReadAction","target":["https:\/\/kidsfortheoceans.com\/gear\/kids-tee\/"]}]},{"@type":"ImageObject","inLanguage":"hu","@id":"https:\/\/kidsfortheoceans.com\/gear\/kids-tee\/#primaryimage","url":"https:\/\/kidsfortheoceans.com\/wp-content\/uploads\/2022\/01\/blackandwhitekidtshirt.png","contentUrl":"https:\/\/kidsfortheoceans.com\/wp-content\/uploads\/2022\/01\/blackandwhitekidtshirt.png","width":589,"height":616},{"@type":"BreadcrumbList","@id":"https:\/\/kidsfortheoceans.com\/gear\/kids-tee\/#breadcrumb","itemListElement":[{"@type":"ListItem","position":1,"name":"Home","item":"https:\/\/kidsfortheoceans.com\/"},{"@type":"ListItem","position":2,"name":"GEAR","item":"https:\/\/kidsfortheoceans.com\/gear\/"},{"@type":"ListItem","position":3,"name":"Kids Tee"}]},{"@type":"WebSite","@id":"https:\/\/kidsfortheoceans.com\/#website","url":"https:\/\/kidsfortheoceans.com\/","name":"Kids for the Oceans","description":"Marine life preserving","publisher":{"@id":"https:\/\/kidsfortheoceans.com\/#organization"},"potentialAction":[{"@type":"SearchAction","target":{"@type":"EntryPoint","urlTemplate":"https:\/\/kidsfortheoceans.com\/?s={search_term_string}"},"query-input":{"@type":"PropertyValueSpecification","valueRequired":true,"valueName":"search_term_string"}}],"inLanguage":"hu"},{"@type":"Organization","@id":"https:\/\/kidsfortheoceans.com\/#organization","name":"Kids for the Oceans","url":"https:\/\/kidsfortheoceans.com\/","logo":{"@type":"ImageObject","inLanguage":"hu","@id":"https:\/\/kidsfortheoceans.com\/#\/schema\/logo\/image\/","url":"https:\/\/kidsfortheoceans.com\/wp-content\/uploads\/2021\/12\/cropped-k4o_logo_web.png","contentUrl":"https:\/\/kidsfortheoceans.com\/wp-content\/uploads\/2021\/12\/cropped-k4o_logo_web.png","width":2222,"height":853,"caption":"Kids for the Oceans"},"image":{"@id":"https:\/\/kidsfortheoceans.com\/#\/schema\/logo\/image\/"},"sameAs":["https:\/\/www.facebook.com\/people\/Kids-for-the-Oceans\/100083080369234"]}]}},"_links":{"self":[{"href":"https:\/\/kidsfortheoceans.com\/hu\/wp-json\/wp\/v2\/product\/761","targetHints":{"allow":["GET"]}}],"collection":[{"href":"https:\/\/kidsfortheoceans.com\/hu\/wp-json\/wp\/v2\/product"}],"about":[{"href":"https:\/\/kidsfortheoceans.com\/hu\/wp-json\/wp\/v2\/types\/product"}],"replies":[{"embeddable":true,"href":"https:\/\/kidsfortheoceans.com\/hu\/wp-json\/wp\/v2\/comments?post=761"}],"wp:featuredmedia":[{"embeddable":true,"href":"https:\/\/kidsfortheoceans.com\/hu\/wp-json\/wp\/v2\/media\/762"}],"wp:attachment":[{"href":"https:\/\/kidsfortheoceans.com\/hu\/wp-json\/wp\/v2\/media?parent=761"}],"wp:term":[{"taxonomy":"product_brand","embeddable":true,"href":"https:\/\/kidsfortheoceans.com\/hu\/wp-json\/wp\/v2\/product_brand?post=761"},{"taxonomy":"product_cat","embeddable":true,"href":"https:\/\/kidsfortheoceans.com\/hu\/wp-json\/wp\/v2\/product_cat?post=761"},{"taxonomy":"product_tag","embeddable":true,"href":"https:\/\/kidsfortheoceans.com\/hu\/wp-json\/wp\/v2\/product_tag?post=761"}],"curies":[{"name":"wp","href":"https:\/\/api.w.org\/{rel}","templated":true}]}}