{"id":2013,"date":"2022-01-15T11:24:21","date_gmt":"2022-01-15T10:24:21","guid":{"rendered":"https:\/\/kidsfortheoceans.com\/?post_type=product&#038;p=2013"},"modified":"2022-01-29T16:55:50","modified_gmt":"2022-01-29T15:55:50","slug":"womens-fitted-eco-tee","status":"publish","type":"product","link":"https:\/\/kidsfortheoceans.com\/hu\/gear\/womens-fitted-eco-tee\/","title":{"rendered":"N\u0151i Eco p\u00f3l\u00f3"},"content":{"rendered":"<p>Ez a p\u00f3l\u00f3 egy igazi alapdarab.<br \/>\nKiv\u00e1l\u00f3 min\u0151s\u00e9g\u0171, testhez\u00e1ll\u00f3, k\u00e9nyelmes, \u00e9s 100% organikus anyagb\u00f3l k\u00e9sz\u00fclt.<\/p>","protected":false},"excerpt":{"rendered":"<p>This t-shirt is a real staple piece. High-quality, form-fitting, comfortable, and made from 100% organic ring-spun combed cotton\u2014it has all the qualities that make a perfect tee.<\/p>","protected":false},"featured_media":2015,"comment_status":"open","ping_status":"closed","template":"","meta":{"give_campaign_id":0},"product_brand":[],"product_cat":[22,23],"product_tag":[53,48,55],"class_list":{"0":"post-2013","1":"product","2":"type-product","3":"status-publish","4":"has-post-thumbnail","6":"product_cat-clothing","7":"product_cat-tshirts","8":"product_tag-eco-friendly","9":"product_tag-t-shirt","10":"product_tag-womens","12":"first","13":"instock","14":"shipping-taxable","15":"purchasable","16":"product-type-variable"},"yoast_head":"<!-- This site is optimized with the Yoast SEO plugin v27.4 - https:\/\/yoast.com\/product\/yoast-seo-wordpress\/ -->\n<title>Womens Fitted Eco Tee - Kids for the Oceans<\/title>\n<meta name=\"robots\" content=\"index, follow, max-snippet:-1, max-image-preview:large, max-video-preview:-1\" \/>\n<link rel=\"canonical\" href=\"https:\/\/kidsfortheoceans.com\/hu\/gear\/womens-fitted-eco-tee\/\" \/>\n<meta property=\"og:locale\" content=\"hu_HU\" \/>\n<meta property=\"og:type\" content=\"article\" \/>\n<meta property=\"og:title\" content=\"Womens Fitted Eco Tee - Kids for the Oceans\" \/>\n<meta property=\"og:description\" content=\"This t-shirt is a real staple piece. High-quality, form-fitting, comfortable, and made from 100% organic ring-spun combed cotton\u2014it has all the qualities that make a perfect tee.\" \/>\n<meta property=\"og:url\" content=\"https:\/\/kidsfortheoceans.com\/hu\/gear\/womens-fitted-eco-tee\/\" \/>\n<meta property=\"og:site_name\" content=\"Kids for the Oceans\" \/>\n<meta property=\"article:publisher\" content=\"https:\/\/www.facebook.com\/people\/Kids-for-the-Oceans\/100083080369234\" \/>\n<meta property=\"article:modified_time\" content=\"2022-01-29T15:55:50+00:00\" \/>\n<meta property=\"og:image\" content=\"https:\/\/kidsfortheoceans.com\/wp-content\/uploads\/2022\/01\/womanfittedecoblack.jpg\" \/>\n\t<meta property=\"og:image:width\" content=\"510\" \/>\n\t<meta property=\"og:image:height\" content=\"596\" \/>\n\t<meta property=\"og:image:type\" content=\"image\/jpeg\" \/>\n<meta name=\"twitter:card\" content=\"summary_large_image\" \/>\n<script type=\"application\/ld+json\" class=\"yoast-schema-graph\">{\"@context\":\"https:\\\/\\\/schema.org\",\"@graph\":[{\"@type\":\"WebPage\",\"@id\":\"https:\\\/\\\/kidsfortheoceans.com\\\/hu\\\/gear\\\/womens-fitted-eco-tee\\\/\",\"url\":\"https:\\\/\\\/kidsfortheoceans.com\\\/hu\\\/gear\\\/womens-fitted-eco-tee\\\/\",\"name\":\"Womens Fitted Eco Tee - Kids for the Oceans\",\"isPartOf\":{\"@id\":\"https:\\\/\\\/kidsfortheoceans.com\\\/#website\"},\"primaryImageOfPage\":{\"@id\":\"https:\\\/\\\/kidsfortheoceans.com\\\/hu\\\/gear\\\/womens-fitted-eco-tee\\\/#primaryimage\"},\"image\":{\"@id\":\"https:\\\/\\\/kidsfortheoceans.com\\\/hu\\\/gear\\\/womens-fitted-eco-tee\\\/#primaryimage\"},\"thumbnailUrl\":\"https:\\\/\\\/kidsfortheoceans.com\\\/wp-content\\\/uploads\\\/2022\\\/01\\\/womanfittedecoblack.jpg\",\"datePublished\":\"2022-01-15T10:24:21+00:00\",\"dateModified\":\"2022-01-29T15:55:50+00:00\",\"breadcrumb\":{\"@id\":\"https:\\\/\\\/kidsfortheoceans.com\\\/hu\\\/gear\\\/womens-fitted-eco-tee\\\/#breadcrumb\"},\"inLanguage\":\"hu\",\"potentialAction\":[{\"@type\":\"ReadAction\",\"target\":[\"https:\\\/\\\/kidsfortheoceans.com\\\/hu\\\/gear\\\/womens-fitted-eco-tee\\\/\"]}]},{\"@type\":\"ImageObject\",\"inLanguage\":\"hu\",\"@id\":\"https:\\\/\\\/kidsfortheoceans.com\\\/hu\\\/gear\\\/womens-fitted-eco-tee\\\/#primaryimage\",\"url\":\"https:\\\/\\\/kidsfortheoceans.com\\\/wp-content\\\/uploads\\\/2022\\\/01\\\/womanfittedecoblack.jpg\",\"contentUrl\":\"https:\\\/\\\/kidsfortheoceans.com\\\/wp-content\\\/uploads\\\/2022\\\/01\\\/womanfittedecoblack.jpg\",\"width\":510,\"height\":596},{\"@type\":\"BreadcrumbList\",\"@id\":\"https:\\\/\\\/kidsfortheoceans.com\\\/hu\\\/gear\\\/womens-fitted-eco-tee\\\/#breadcrumb\",\"itemListElement\":[{\"@type\":\"ListItem\",\"position\":1,\"name\":\"Home\",\"item\":\"https:\\\/\\\/kidsfortheoceans.com\\\/\"},{\"@type\":\"ListItem\",\"position\":2,\"name\":\"GEAR\",\"item\":\"https:\\\/\\\/kidsfortheoceans.com\\\/gear\\\/\"},{\"@type\":\"ListItem\",\"position\":3,\"name\":\"Womens Fitted Eco Tee\"}]},{\"@type\":\"WebSite\",\"@id\":\"https:\\\/\\\/kidsfortheoceans.com\\\/#website\",\"url\":\"https:\\\/\\\/kidsfortheoceans.com\\\/\",\"name\":\"Kids for the Oceans\",\"description\":\"Marine life preserving\",\"publisher\":{\"@id\":\"https:\\\/\\\/kidsfortheoceans.com\\\/#organization\"},\"potentialAction\":[{\"@type\":\"SearchAction\",\"target\":{\"@type\":\"EntryPoint\",\"urlTemplate\":\"https:\\\/\\\/kidsfortheoceans.com\\\/?s={search_term_string}\"},\"query-input\":{\"@type\":\"PropertyValueSpecification\",\"valueRequired\":true,\"valueName\":\"search_term_string\"}}],\"inLanguage\":\"hu\"},{\"@type\":\"Organization\",\"@id\":\"https:\\\/\\\/kidsfortheoceans.com\\\/#organization\",\"name\":\"Kids for the Oceans\",\"url\":\"https:\\\/\\\/kidsfortheoceans.com\\\/\",\"logo\":{\"@type\":\"ImageObject\",\"inLanguage\":\"hu\",\"@id\":\"https:\\\/\\\/kidsfortheoceans.com\\\/#\\\/schema\\\/logo\\\/image\\\/\",\"url\":\"https:\\\/\\\/kidsfortheoceans.com\\\/wp-content\\\/uploads\\\/2021\\\/12\\\/cropped-k4o_logo_web.png\",\"contentUrl\":\"https:\\\/\\\/kidsfortheoceans.com\\\/wp-content\\\/uploads\\\/2021\\\/12\\\/cropped-k4o_logo_web.png\",\"width\":2222,\"height\":853,\"caption\":\"Kids for the Oceans\"},\"image\":{\"@id\":\"https:\\\/\\\/kidsfortheoceans.com\\\/#\\\/schema\\\/logo\\\/image\\\/\"},\"sameAs\":[\"https:\\\/\\\/www.facebook.com\\\/people\\\/Kids-for-the-Oceans\\\/100083080369234\"]}]}<\/script>\n<!-- \/ Yoast SEO plugin. -->","yoast_head_json":{"title":"Womens Fitted Eco Tee - Kids for the Oceans","robots":{"index":"index","follow":"follow","max-snippet":"max-snippet:-1","max-image-preview":"max-image-preview:large","max-video-preview":"max-video-preview:-1"},"canonical":"https:\/\/kidsfortheoceans.com\/hu\/gear\/womens-fitted-eco-tee\/","og_locale":"hu_HU","og_type":"article","og_title":"Womens Fitted Eco Tee - Kids for the Oceans","og_description":"This t-shirt is a real staple piece. High-quality, form-fitting, comfortable, and made from 100% organic ring-spun combed cotton\u2014it has all the qualities that make a perfect tee.","og_url":"https:\/\/kidsfortheoceans.com\/hu\/gear\/womens-fitted-eco-tee\/","og_site_name":"Kids for the Oceans","article_publisher":"https:\/\/www.facebook.com\/people\/Kids-for-the-Oceans\/100083080369234","article_modified_time":"2022-01-29T15:55:50+00:00","og_image":[{"width":510,"height":596,"url":"https:\/\/kidsfortheoceans.com\/wp-content\/uploads\/2022\/01\/womanfittedecoblack.jpg","type":"image\/jpeg"}],"twitter_card":"summary_large_image","schema":{"@context":"https:\/\/schema.org","@graph":[{"@type":"WebPage","@id":"https:\/\/kidsfortheoceans.com\/hu\/gear\/womens-fitted-eco-tee\/","url":"https:\/\/kidsfortheoceans.com\/hu\/gear\/womens-fitted-eco-tee\/","name":"Womens Fitted Eco Tee - Kids for the Oceans","isPartOf":{"@id":"https:\/\/kidsfortheoceans.com\/#website"},"primaryImageOfPage":{"@id":"https:\/\/kidsfortheoceans.com\/hu\/gear\/womens-fitted-eco-tee\/#primaryimage"},"image":{"@id":"https:\/\/kidsfortheoceans.com\/hu\/gear\/womens-fitted-eco-tee\/#primaryimage"},"thumbnailUrl":"https:\/\/kidsfortheoceans.com\/wp-content\/uploads\/2022\/01\/womanfittedecoblack.jpg","datePublished":"2022-01-15T10:24:21+00:00","dateModified":"2022-01-29T15:55:50+00:00","breadcrumb":{"@id":"https:\/\/kidsfortheoceans.com\/hu\/gear\/womens-fitted-eco-tee\/#breadcrumb"},"inLanguage":"hu","potentialAction":[{"@type":"ReadAction","target":["https:\/\/kidsfortheoceans.com\/hu\/gear\/womens-fitted-eco-tee\/"]}]},{"@type":"ImageObject","inLanguage":"hu","@id":"https:\/\/kidsfortheoceans.com\/hu\/gear\/womens-fitted-eco-tee\/#primaryimage","url":"https:\/\/kidsfortheoceans.com\/wp-content\/uploads\/2022\/01\/womanfittedecoblack.jpg","contentUrl":"https:\/\/kidsfortheoceans.com\/wp-content\/uploads\/2022\/01\/womanfittedecoblack.jpg","width":510,"height":596},{"@type":"BreadcrumbList","@id":"https:\/\/kidsfortheoceans.com\/hu\/gear\/womens-fitted-eco-tee\/#breadcrumb","itemListElement":[{"@type":"ListItem","position":1,"name":"Home","item":"https:\/\/kidsfortheoceans.com\/"},{"@type":"ListItem","position":2,"name":"GEAR","item":"https:\/\/kidsfortheoceans.com\/gear\/"},{"@type":"ListItem","position":3,"name":"Womens Fitted Eco Tee"}]},{"@type":"WebSite","@id":"https:\/\/kidsfortheoceans.com\/#website","url":"https:\/\/kidsfortheoceans.com\/","name":"Kids for the Oceans","description":"Marine life preserving","publisher":{"@id":"https:\/\/kidsfortheoceans.com\/#organization"},"potentialAction":[{"@type":"SearchAction","target":{"@type":"EntryPoint","urlTemplate":"https:\/\/kidsfortheoceans.com\/?s={search_term_string}"},"query-input":{"@type":"PropertyValueSpecification","valueRequired":true,"valueName":"search_term_string"}}],"inLanguage":"hu"},{"@type":"Organization","@id":"https:\/\/kidsfortheoceans.com\/#organization","name":"Kids for the Oceans","url":"https:\/\/kidsfortheoceans.com\/","logo":{"@type":"ImageObject","inLanguage":"hu","@id":"https:\/\/kidsfortheoceans.com\/#\/schema\/logo\/image\/","url":"https:\/\/kidsfortheoceans.com\/wp-content\/uploads\/2021\/12\/cropped-k4o_logo_web.png","contentUrl":"https:\/\/kidsfortheoceans.com\/wp-content\/uploads\/2021\/12\/cropped-k4o_logo_web.png","width":2222,"height":853,"caption":"Kids for the Oceans"},"image":{"@id":"https:\/\/kidsfortheoceans.com\/#\/schema\/logo\/image\/"},"sameAs":["https:\/\/www.facebook.com\/people\/Kids-for-the-Oceans\/100083080369234"]}]}},"_links":{"self":[{"href":"https:\/\/kidsfortheoceans.com\/hu\/wp-json\/wp\/v2\/product\/2013","targetHints":{"allow":["GET"]}}],"collection":[{"href":"https:\/\/kidsfortheoceans.com\/hu\/wp-json\/wp\/v2\/product"}],"about":[{"href":"https:\/\/kidsfortheoceans.com\/hu\/wp-json\/wp\/v2\/types\/product"}],"replies":[{"embeddable":true,"href":"https:\/\/kidsfortheoceans.com\/hu\/wp-json\/wp\/v2\/comments?post=2013"}],"wp:featuredmedia":[{"embeddable":true,"href":"https:\/\/kidsfortheoceans.com\/hu\/wp-json\/wp\/v2\/media\/2015"}],"wp:attachment":[{"href":"https:\/\/kidsfortheoceans.com\/hu\/wp-json\/wp\/v2\/media?parent=2013"}],"wp:term":[{"taxonomy":"product_brand","embeddable":true,"href":"https:\/\/kidsfortheoceans.com\/hu\/wp-json\/wp\/v2\/product_brand?post=2013"},{"taxonomy":"product_cat","embeddable":true,"href":"https:\/\/kidsfortheoceans.com\/hu\/wp-json\/wp\/v2\/product_cat?post=2013"},{"taxonomy":"product_tag","embeddable":true,"href":"https:\/\/kidsfortheoceans.com\/hu\/wp-json\/wp\/v2\/product_tag?post=2013"}],"curies":[{"name":"wp","href":"https:\/\/api.w.org\/{rel}","templated":true}]}}