{"id":1985,"date":"2022-01-15T11:10:11","date_gmt":"2022-01-15T10:10:11","guid":{"rendered":"https:\/\/kidsfortheoceans.com\/?post_type=product&#038;p=1985"},"modified":"2022-01-15T11:13:48","modified_gmt":"2022-01-15T10:13:48","slug":"unisex-eco-hoodie","status":"publish","type":"product","link":"https:\/\/kidsfortheoceans.com\/hu\/gear\/unisex-eco-hoodie\/","title":{"rendered":"Uniszex Eco kapucnis pul\u00f3ver"},"content":{"rendered":"<p>Az Unisex oldalzsebes pulcsi olyan k\u00e9nyelmes \u00e9s praktikus, hogy ez lesz a k\u00f6vetkez\u0151 kedvenced.<br \/>\nR\u00e1ad\u00e1sul organikus pamutb\u00f3l \u00e9s \u00fajrahasznos\u00edtott poli\u00e9szterb\u0151l k\u00e9sz\u00fclt,<br \/>\n\u00edgy ez egy igaz\u00e1n k\u00f6rnyezetbar\u00e1t v\u00e1laszt\u00e1s.<\/p>","protected":false},"excerpt":{"rendered":"<p>The Unisex Eco Hoodie is so comfy and practical, it\u2019ll become your next favourite. The brushed fabric makes this item extra soft, and the convenient side pockets add to its practicality. What\u2019s more, it&#8217;s made of organic cotton and recycled polyester making it an eco-friendly choice.<\/p>","protected":false},"featured_media":1986,"comment_status":"open","ping_status":"closed","template":"","meta":{"give_campaign_id":0},"product_brand":[],"product_cat":[22,24],"product_tag":[53,47,52],"class_list":{"0":"post-1985","1":"product","2":"type-product","3":"status-publish","4":"has-post-thumbnail","6":"product_cat-clothing","7":"product_cat-hoodies","8":"product_tag-eco-friendly","9":"product_tag-organic","10":"product_tag-unisex","12":"first","13":"instock","14":"shipping-taxable","15":"purchasable","16":"product-type-variable","17":"has-default-attributes"},"yoast_head":"<!-- This site is optimized with the Yoast SEO plugin v27.4 - https:\/\/yoast.com\/product\/yoast-seo-wordpress\/ -->\n<title>Unisex Eco Hoodie - Kids for the Oceans<\/title>\n<meta name=\"robots\" content=\"index, follow, max-snippet:-1, max-image-preview:large, max-video-preview:-1\" \/>\n<link rel=\"canonical\" href=\"https:\/\/kidsfortheoceans.com\/hu\/gear\/unisex-eco-hoodie\/\" \/>\n<meta property=\"og:locale\" content=\"hu_HU\" \/>\n<meta property=\"og:type\" content=\"article\" \/>\n<meta property=\"og:title\" content=\"Unisex Eco Hoodie - Kids for the Oceans\" \/>\n<meta property=\"og:description\" content=\"The Unisex Eco Hoodie is so comfy and practical, it\u2019ll become your next favourite. The brushed fabric makes this item extra soft, and the convenient side pockets add to its practicality. What\u2019s more, it&#8217;s made of organic cotton and recycled polyester making it an eco-friendly choice.\" \/>\n<meta property=\"og:url\" content=\"https:\/\/kidsfortheoceans.com\/hu\/gear\/unisex-eco-hoodie\/\" \/>\n<meta property=\"og:site_name\" content=\"Kids for the Oceans\" \/>\n<meta property=\"article:publisher\" content=\"https:\/\/www.facebook.com\/people\/Kids-for-the-Oceans\/100083080369234\" \/>\n<meta property=\"article:modified_time\" content=\"2022-01-15T10:13:48+00:00\" \/>\n<meta property=\"og:image\" content=\"https:\/\/kidsfortheoceans.com\/wp-content\/uploads\/2022\/01\/unisexhoodieblack.jpg\" \/>\n\t<meta property=\"og:image:width\" content=\"491\" \/>\n\t<meta property=\"og:image:height\" content=\"637\" \/>\n\t<meta property=\"og:image:type\" content=\"image\/jpeg\" \/>\n<meta name=\"twitter:card\" content=\"summary_large_image\" \/>\n<script type=\"application\/ld+json\" class=\"yoast-schema-graph\">{\"@context\":\"https:\\\/\\\/schema.org\",\"@graph\":[{\"@type\":\"WebPage\",\"@id\":\"https:\\\/\\\/kidsfortheoceans.com\\\/gear\\\/unisex-eco-hoodie\\\/\",\"url\":\"https:\\\/\\\/kidsfortheoceans.com\\\/gear\\\/unisex-eco-hoodie\\\/\",\"name\":\"Unisex Eco Hoodie - Kids for the Oceans\",\"isPartOf\":{\"@id\":\"https:\\\/\\\/kidsfortheoceans.com\\\/#website\"},\"primaryImageOfPage\":{\"@id\":\"https:\\\/\\\/kidsfortheoceans.com\\\/gear\\\/unisex-eco-hoodie\\\/#primaryimage\"},\"image\":{\"@id\":\"https:\\\/\\\/kidsfortheoceans.com\\\/gear\\\/unisex-eco-hoodie\\\/#primaryimage\"},\"thumbnailUrl\":\"https:\\\/\\\/kidsfortheoceans.com\\\/wp-content\\\/uploads\\\/2022\\\/01\\\/unisexhoodieblack.jpg\",\"datePublished\":\"2022-01-15T10:10:11+00:00\",\"dateModified\":\"2022-01-15T10:13:48+00:00\",\"breadcrumb\":{\"@id\":\"https:\\\/\\\/kidsfortheoceans.com\\\/gear\\\/unisex-eco-hoodie\\\/#breadcrumb\"},\"inLanguage\":\"hu\",\"potentialAction\":[{\"@type\":\"ReadAction\",\"target\":[\"https:\\\/\\\/kidsfortheoceans.com\\\/gear\\\/unisex-eco-hoodie\\\/\"]}]},{\"@type\":\"ImageObject\",\"inLanguage\":\"hu\",\"@id\":\"https:\\\/\\\/kidsfortheoceans.com\\\/gear\\\/unisex-eco-hoodie\\\/#primaryimage\",\"url\":\"https:\\\/\\\/kidsfortheoceans.com\\\/wp-content\\\/uploads\\\/2022\\\/01\\\/unisexhoodieblack.jpg\",\"contentUrl\":\"https:\\\/\\\/kidsfortheoceans.com\\\/wp-content\\\/uploads\\\/2022\\\/01\\\/unisexhoodieblack.jpg\",\"width\":491,\"height\":637},{\"@type\":\"BreadcrumbList\",\"@id\":\"https:\\\/\\\/kidsfortheoceans.com\\\/gear\\\/unisex-eco-hoodie\\\/#breadcrumb\",\"itemListElement\":[{\"@type\":\"ListItem\",\"position\":1,\"name\":\"Home\",\"item\":\"https:\\\/\\\/kidsfortheoceans.com\\\/\"},{\"@type\":\"ListItem\",\"position\":2,\"name\":\"GEAR\",\"item\":\"https:\\\/\\\/kidsfortheoceans.com\\\/gear\\\/\"},{\"@type\":\"ListItem\",\"position\":3,\"name\":\"Unisex Eco Hoodie\"}]},{\"@type\":\"WebSite\",\"@id\":\"https:\\\/\\\/kidsfortheoceans.com\\\/#website\",\"url\":\"https:\\\/\\\/kidsfortheoceans.com\\\/\",\"name\":\"Kids for the Oceans\",\"description\":\"Marine life preserving\",\"publisher\":{\"@id\":\"https:\\\/\\\/kidsfortheoceans.com\\\/#organization\"},\"potentialAction\":[{\"@type\":\"SearchAction\",\"target\":{\"@type\":\"EntryPoint\",\"urlTemplate\":\"https:\\\/\\\/kidsfortheoceans.com\\\/?s={search_term_string}\"},\"query-input\":{\"@type\":\"PropertyValueSpecification\",\"valueRequired\":true,\"valueName\":\"search_term_string\"}}],\"inLanguage\":\"hu\"},{\"@type\":\"Organization\",\"@id\":\"https:\\\/\\\/kidsfortheoceans.com\\\/#organization\",\"name\":\"Kids for the Oceans\",\"url\":\"https:\\\/\\\/kidsfortheoceans.com\\\/\",\"logo\":{\"@type\":\"ImageObject\",\"inLanguage\":\"hu\",\"@id\":\"https:\\\/\\\/kidsfortheoceans.com\\\/#\\\/schema\\\/logo\\\/image\\\/\",\"url\":\"https:\\\/\\\/kidsfortheoceans.com\\\/wp-content\\\/uploads\\\/2021\\\/12\\\/cropped-k4o_logo_web.png\",\"contentUrl\":\"https:\\\/\\\/kidsfortheoceans.com\\\/wp-content\\\/uploads\\\/2021\\\/12\\\/cropped-k4o_logo_web.png\",\"width\":2222,\"height\":853,\"caption\":\"Kids for the Oceans\"},\"image\":{\"@id\":\"https:\\\/\\\/kidsfortheoceans.com\\\/#\\\/schema\\\/logo\\\/image\\\/\"},\"sameAs\":[\"https:\\\/\\\/www.facebook.com\\\/people\\\/Kids-for-the-Oceans\\\/100083080369234\"]}]}<\/script>\n<!-- \/ Yoast SEO plugin. -->","yoast_head_json":{"title":"Unisex Eco Hoodie - Kids for the Oceans","robots":{"index":"index","follow":"follow","max-snippet":"max-snippet:-1","max-image-preview":"max-image-preview:large","max-video-preview":"max-video-preview:-1"},"canonical":"https:\/\/kidsfortheoceans.com\/hu\/gear\/unisex-eco-hoodie\/","og_locale":"hu_HU","og_type":"article","og_title":"Unisex Eco Hoodie - Kids for the Oceans","og_description":"The Unisex Eco Hoodie is so comfy and practical, it\u2019ll become your next favourite. The brushed fabric makes this item extra soft, and the convenient side pockets add to its practicality. What\u2019s more, it&#8217;s made of organic cotton and recycled polyester making it an eco-friendly choice.","og_url":"https:\/\/kidsfortheoceans.com\/hu\/gear\/unisex-eco-hoodie\/","og_site_name":"Kids for the Oceans","article_publisher":"https:\/\/www.facebook.com\/people\/Kids-for-the-Oceans\/100083080369234","article_modified_time":"2022-01-15T10:13:48+00:00","og_image":[{"width":491,"height":637,"url":"https:\/\/kidsfortheoceans.com\/wp-content\/uploads\/2022\/01\/unisexhoodieblack.jpg","type":"image\/jpeg"}],"twitter_card":"summary_large_image","schema":{"@context":"https:\/\/schema.org","@graph":[{"@type":"WebPage","@id":"https:\/\/kidsfortheoceans.com\/gear\/unisex-eco-hoodie\/","url":"https:\/\/kidsfortheoceans.com\/gear\/unisex-eco-hoodie\/","name":"Unisex Eco Hoodie - Kids for the Oceans","isPartOf":{"@id":"https:\/\/kidsfortheoceans.com\/#website"},"primaryImageOfPage":{"@id":"https:\/\/kidsfortheoceans.com\/gear\/unisex-eco-hoodie\/#primaryimage"},"image":{"@id":"https:\/\/kidsfortheoceans.com\/gear\/unisex-eco-hoodie\/#primaryimage"},"thumbnailUrl":"https:\/\/kidsfortheoceans.com\/wp-content\/uploads\/2022\/01\/unisexhoodieblack.jpg","datePublished":"2022-01-15T10:10:11+00:00","dateModified":"2022-01-15T10:13:48+00:00","breadcrumb":{"@id":"https:\/\/kidsfortheoceans.com\/gear\/unisex-eco-hoodie\/#breadcrumb"},"inLanguage":"hu","potentialAction":[{"@type":"ReadAction","target":["https:\/\/kidsfortheoceans.com\/gear\/unisex-eco-hoodie\/"]}]},{"@type":"ImageObject","inLanguage":"hu","@id":"https:\/\/kidsfortheoceans.com\/gear\/unisex-eco-hoodie\/#primaryimage","url":"https:\/\/kidsfortheoceans.com\/wp-content\/uploads\/2022\/01\/unisexhoodieblack.jpg","contentUrl":"https:\/\/kidsfortheoceans.com\/wp-content\/uploads\/2022\/01\/unisexhoodieblack.jpg","width":491,"height":637},{"@type":"BreadcrumbList","@id":"https:\/\/kidsfortheoceans.com\/gear\/unisex-eco-hoodie\/#breadcrumb","itemListElement":[{"@type":"ListItem","position":1,"name":"Home","item":"https:\/\/kidsfortheoceans.com\/"},{"@type":"ListItem","position":2,"name":"GEAR","item":"https:\/\/kidsfortheoceans.com\/gear\/"},{"@type":"ListItem","position":3,"name":"Unisex Eco Hoodie"}]},{"@type":"WebSite","@id":"https:\/\/kidsfortheoceans.com\/#website","url":"https:\/\/kidsfortheoceans.com\/","name":"Kids for the Oceans","description":"Marine life preserving","publisher":{"@id":"https:\/\/kidsfortheoceans.com\/#organization"},"potentialAction":[{"@type":"SearchAction","target":{"@type":"EntryPoint","urlTemplate":"https:\/\/kidsfortheoceans.com\/?s={search_term_string}"},"query-input":{"@type":"PropertyValueSpecification","valueRequired":true,"valueName":"search_term_string"}}],"inLanguage":"hu"},{"@type":"Organization","@id":"https:\/\/kidsfortheoceans.com\/#organization","name":"Kids for the Oceans","url":"https:\/\/kidsfortheoceans.com\/","logo":{"@type":"ImageObject","inLanguage":"hu","@id":"https:\/\/kidsfortheoceans.com\/#\/schema\/logo\/image\/","url":"https:\/\/kidsfortheoceans.com\/wp-content\/uploads\/2021\/12\/cropped-k4o_logo_web.png","contentUrl":"https:\/\/kidsfortheoceans.com\/wp-content\/uploads\/2021\/12\/cropped-k4o_logo_web.png","width":2222,"height":853,"caption":"Kids for the Oceans"},"image":{"@id":"https:\/\/kidsfortheoceans.com\/#\/schema\/logo\/image\/"},"sameAs":["https:\/\/www.facebook.com\/people\/Kids-for-the-Oceans\/100083080369234"]}]}},"_links":{"self":[{"href":"https:\/\/kidsfortheoceans.com\/hu\/wp-json\/wp\/v2\/product\/1985","targetHints":{"allow":["GET"]}}],"collection":[{"href":"https:\/\/kidsfortheoceans.com\/hu\/wp-json\/wp\/v2\/product"}],"about":[{"href":"https:\/\/kidsfortheoceans.com\/hu\/wp-json\/wp\/v2\/types\/product"}],"replies":[{"embeddable":true,"href":"https:\/\/kidsfortheoceans.com\/hu\/wp-json\/wp\/v2\/comments?post=1985"}],"wp:featuredmedia":[{"embeddable":true,"href":"https:\/\/kidsfortheoceans.com\/hu\/wp-json\/wp\/v2\/media\/1986"}],"wp:attachment":[{"href":"https:\/\/kidsfortheoceans.com\/hu\/wp-json\/wp\/v2\/media?parent=1985"}],"wp:term":[{"taxonomy":"product_brand","embeddable":true,"href":"https:\/\/kidsfortheoceans.com\/hu\/wp-json\/wp\/v2\/product_brand?post=1985"},{"taxonomy":"product_cat","embeddable":true,"href":"https:\/\/kidsfortheoceans.com\/hu\/wp-json\/wp\/v2\/product_cat?post=1985"},{"taxonomy":"product_tag","embeddable":true,"href":"https:\/\/kidsfortheoceans.com\/hu\/wp-json\/wp\/v2\/product_tag?post=1985"}],"curies":[{"name":"wp","href":"https:\/\/api.w.org\/{rel}","templated":true}]}}